{"id":5,"date":"2021-01-17T09:50:46","date_gmt":"2021-01-17T09:50:46","guid":{"rendered":"https:\/\/buendtihus.com\/?page_id=5"},"modified":"2024-06-05T13:52:26","modified_gmt":"2024-06-05T13:52:26","slug":"create-your-website-with-blocks","status":"publish","type":"page","link":"https:\/\/buendtihus.com\/","title":{"rendered":"Herzlich willkommen"},"content":{"rendered":"<p class=\"fonts-plugin-block \" style=\"font-family: Noto Sans;font-size: 30px\">Herzlich willkommen auf der Firmenwebsite von B\u00fcndtihus. <br><br>Wir bieten unterschiedliche Beratungsdienstleistungen.<br><br><\/p>\n\n\n<div class=\"wp-block-media-text alignwide has-media-on-the-right is-stacked-on-mobile has-background\" style=\"background-color:#24c6e354;margin-top:var(--wp--preset--spacing--30);margin-right:var(--wp--preset--spacing--30);margin-bottom:var(--wp--preset--spacing--30);margin-left:var(--wp--preset--spacing--30);padding-top:var(--wp--preset--spacing--30);padding-right:var(--wp--preset--spacing--30);padding-bottom:var(--wp--preset--spacing--30);padding-left:var(--wp--preset--spacing--30);grid-template-columns:auto 39%\"><div class=\"wp-block-media-text__content\">\n<h2 class=\"wp-block-heading\"><strong>Kommunikation &amp; strategisches Marketing<\/strong><\/h2>\n\n\n\n<p>Sich hervorheben mit wirkungsvoller, zielgerichteter Kommunikation. Mit meinem grossen Erfahrungsschatz, Professionalit\u00e4t und vor allem Leidenschaft unterst\u00fctze ich KMUs, Vereine und andere Organisationen.<\/p>\n\n\n\n<p>Hier erfahren Sie mehr \u00fcber mein Angebot in diesem Bereich:<\/p>\n\n\n\n<p><a href=\"https:\/\/raetikom.ch\">r\u00e4tikom.ch<\/a><\/p>\n<\/div><figure class=\"wp-block-media-text__media\"><img loading=\"lazy\" decoding=\"async\" width=\"1024\" height=\"576\" src=\"https:\/\/buendtihus.com\/wp-content\/uploads\/2021\/02\/hellblauer-enzian-heuberg-1024x576.jpg\" alt=\"\" class=\"wp-image-48 size-full\" srcset=\"https:\/\/buendtihus.com\/wp-content\/uploads\/2021\/02\/hellblauer-enzian-heuberg-1024x576.jpg 1024w, https:\/\/buendtihus.com\/wp-content\/uploads\/2021\/02\/hellblauer-enzian-heuberg-300x169.jpg 300w, https:\/\/buendtihus.com\/wp-content\/uploads\/2021\/02\/hellblauer-enzian-heuberg-768x432.jpg 768w, https:\/\/buendtihus.com\/wp-content\/uploads\/2021\/02\/hellblauer-enzian-heuberg-1536x864.jpg 1536w, https:\/\/buendtihus.com\/wp-content\/uploads\/2021\/02\/hellblauer-enzian-heuberg-2048x1152.jpg 2048w, https:\/\/buendtihus.com\/wp-content\/uploads\/2021\/02\/hellblauer-enzian-heuberg-1568x882.jpg 1568w\" sizes=\"(max-width: 1024px) 100vw, 1024px\" \/><\/figure><\/div>\n\n\n\n<div class=\"wp-block-media-text alignwide is-stacked-on-mobile has-background\" style=\"background-color:#d3f75245;margin-top:var(--wp--preset--spacing--30);margin-right:var(--wp--preset--spacing--30);margin-bottom:var(--wp--preset--spacing--30);margin-left:var(--wp--preset--spacing--30);padding-top:var(--wp--preset--spacing--30);padding-right:var(--wp--preset--spacing--30);padding-bottom:var(--wp--preset--spacing--30);padding-left:var(--wp--preset--spacing--30);grid-template-columns:28% auto\"><figure class=\"wp-block-media-text__media\"><img loading=\"lazy\" decoding=\"async\" width=\"1024\" height=\"768\" src=\"https:\/\/buendtihus.com\/wp-content\/uploads\/2022\/11\/Wasserfarben-1024x768.jpeg\" alt=\"\" class=\"wp-image-82 size-large\" srcset=\"https:\/\/buendtihus.com\/wp-content\/uploads\/2022\/11\/Wasserfarben-1024x768.jpeg 1024w, https:\/\/buendtihus.com\/wp-content\/uploads\/2022\/11\/Wasserfarben-300x225.jpeg 300w, https:\/\/buendtihus.com\/wp-content\/uploads\/2022\/11\/Wasserfarben-768x576.jpeg 768w, https:\/\/buendtihus.com\/wp-content\/uploads\/2022\/11\/Wasserfarben-1536x1152.jpeg 1536w, https:\/\/buendtihus.com\/wp-content\/uploads\/2022\/11\/Wasserfarben-2048x1536.jpeg 2048w\" sizes=\"(max-width: 1024px) 100vw, 1024px\" \/><\/figure><div class=\"wp-block-media-text__content\"><h1 class=\"fonts-plugin-block \"><strong>L\u00f6sungsfokussierte Beratung<\/strong><\/h1>\n\n\n<p class=\"has-text-align-left has-contrast-color has-text-color\">Malen Sie mit uns Ihre Zukunft aus. Mit geeigneten l\u00f6sungsfokussierten Methoden unterst\u00fctzen und begleiten wir Sie dabei. Egal, ob Sie sich pers\u00f6nlich neu orientieren oder Ihr Gesch\u00e4ftsmodell neu ausrichten wollen.<\/p>\n\n\n\n<p>Mehr \u00fcber unseren Ansatz unter:<\/p>\n\n\n\n<p><a href=\"http:\/\/perspektiven.buendtihus.ch\">Perspektivenwechsel<\/a><\/p>\n<\/div><\/div>\n\n\n\n<div class=\"wp-block-media-text alignwide is-stacked-on-mobile has-background\" style=\"background-color:#02eb9db0;margin-top:var(--wp--preset--spacing--30);margin-right:var(--wp--preset--spacing--30);margin-bottom:var(--wp--preset--spacing--30);margin-left:var(--wp--preset--spacing--30);padding-top:var(--wp--preset--spacing--30);padding-right:var(--wp--preset--spacing--30);padding-bottom:var(--wp--preset--spacing--30);padding-left:var(--wp--preset--spacing--30);grid-template-columns:40% auto\"><figure class=\"wp-block-media-text__media\"><img loading=\"lazy\" decoding=\"async\" width=\"1024\" height=\"629\" src=\"https:\/\/buendtihus.com\/wp-content\/uploads\/2023\/11\/IMG_6272-scaled-e1700325297268-1024x629.jpg\" alt=\"\" class=\"wp-image-115 size-full\" srcset=\"https:\/\/buendtihus.com\/wp-content\/uploads\/2023\/11\/IMG_6272-scaled-e1700325297268-1024x629.jpg 1024w, https:\/\/buendtihus.com\/wp-content\/uploads\/2023\/11\/IMG_6272-scaled-e1700325297268-300x184.jpg 300w, https:\/\/buendtihus.com\/wp-content\/uploads\/2023\/11\/IMG_6272-scaled-e1700325297268-768x472.jpg 768w, https:\/\/buendtihus.com\/wp-content\/uploads\/2023\/11\/IMG_6272-scaled-e1700325297268-1536x944.jpg 1536w, https:\/\/buendtihus.com\/wp-content\/uploads\/2023\/11\/IMG_6272-scaled-e1700325297268.jpg 2013w\" sizes=\"(max-width: 1024px) 100vw, 1024px\" \/><\/figure><div class=\"wp-block-media-text__content\">\n<h1 class=\"wp-block-heading\"><strong>G\u00e4rtnern mit der Natur<\/strong><\/h1>\n\n\n\n<p>Gartengl\u00fcck im Einklang mit der Natur und ohne Pestizide. Sei es f\u00fcr den professionellen Gartenbau oder die Selbstversorgung. Ich begleite Sie auf dem Weg einem freudvollen, achtsamen Umgang mit ihrem Garten.<\/p>\n\n\n\n<p>Mehr \u00fcber meinen Philosophie erfahren Sie in K\u00fcrze hier.<\/p>\n<\/div><\/div>\n\n\n\n<div style=\"height:100px\" aria-hidden=\"true\" class=\"wp-block-spacer\"><\/div>\n\n\n\n<div class=\"wp-block-query alignfull is-layout-flow wp-block-query-is-layout-flow\"><ul class=\"columns-3 wp-block-post-template is-layout-grid wp-container-core-post-template-layout-1 wp-block-post-template-is-layout-grid\"><li class=\"wp-block-post post-99 post type-post status-publish format-standard hentry category-permakultur\">\n\n<div class=\"wp-block-group is-layout-flow wp-block-group-is-layout-flow\" style=\"padding-top:30px;padding-right:30px;padding-bottom:30px;padding-left:30px\"><h2 class=\"wp-block-post-title\"><a href=\"https:\/\/buendtihus.com\/?p=99\" target=\"_self\" >Die Revolution vom Feld aus<\/a><\/h2>\n\n<div class=\"wp-block-post-excerpt\"><p class=\"wp-block-post-excerpt__excerpt\">Der Japaner Masanobu Fukuoka machte vor mehr als 40 Jahren in einem Dokumentarfilm \u00fcber seinen eigenen Ansatz der nat\u00fcrlichen Landwirtschaft eine bemerkenswerte Aussage: Und die Naturverachtung der Industriezivilisationen und ihrer Kultur in immer bedrohlicher werdende Krisen. Also m\u00fcssen wir von der Kultur, von der Art der Bodenbestellung ausgehend diese Zivilisation ver\u00e4ndern. Masanobu Fukuoka Unter diesem&hellip;<\/p><p class=\"wp-block-post-excerpt__more-text\"><a class=\"wp-block-post-excerpt__more-link\" href=\"https:\/\/buendtihus.com\/?p=99\">Mehr<\/a><\/p><\/div>\n\n<div class=\"wp-block-post-date\"><time datetime=\"2023-11-18T16:16:18+00:00\">November 18, 2023<\/time><\/div><\/div>\n\n<\/li><li class=\"wp-block-post post-1 post type-post status-publish format-standard has-post-thumbnail hentry category-systemische-beratung tag-tischtuchmethode tag-world-cafe tag-zukunftswerkstatt\">\n\n<div class=\"wp-block-group is-layout-flow wp-block-group-is-layout-flow\" style=\"padding-top:30px;padding-right:30px;padding-bottom:30px;padding-left:30px\"><h2 class=\"wp-block-post-title\"><a href=\"https:\/\/buendtihus.com\/?p=1\" target=\"_self\" >Anfang einer m\u00f6glichen Zukunft<\/a><\/h2>\n\n<div class=\"wp-block-post-excerpt\"><p class=\"wp-block-post-excerpt__excerpt\">Am 7. Oktober 2022 durften Marianna und ich gemeinsam einen Workshop mit Teilnehmenden aus der Dorfbev\u00f6lkerung von Fideris durchf\u00fchren. Dies im Rahmen der Zukunftswerkstatt Fideris, die ich als Mitglied des Gemeindevorstands ins Leben gerufen hatte und als Projekt begleite. Dem Workshop vorausgegangen war eine Umfrage in der Bev\u00f6lkerung, f\u00fcr die ich in Eigenregie einen Fragebogen&hellip;<\/p><p class=\"wp-block-post-excerpt__more-text\"><a class=\"wp-block-post-excerpt__more-link\" href=\"https:\/\/buendtihus.com\/?p=1\">Mehr<\/a><\/p><\/div>\n\n<div class=\"wp-block-post-date\"><time datetime=\"2021-01-17T09:23:31+00:00\">Januar 17, 2021<\/time><\/div><\/div>\n\n<\/li><\/ul><\/div>\n","protected":false},"excerpt":{"rendered":"<p>Kommunikation &amp; strategisches Marketing Sich hervorheben mit wirkungsvoller, zielgerichteter Kommunikation. Mit meinem grossen Erfahrungsschatz, Professionalit\u00e4t und vor allem Leidenschaft unterst\u00fctze ich KMUs, Vereine und andere Organisationen. Hier erfahren Sie mehr \u00fcber mein Angebot in diesem Bereich: r\u00e4tikom.ch<\/p>\n","protected":false},"author":1,"featured_media":108,"parent":0,"menu_order":0,"comment_status":"closed","ping_status":"closed","template":"","meta":{"footnotes":""},"jetpack_sharing_enabled":true,"_links":{"self":[{"href":"https:\/\/buendtihus.com\/index.php?rest_route=\/wp\/v2\/pages\/5"}],"collection":[{"href":"https:\/\/buendtihus.com\/index.php?rest_route=\/wp\/v2\/pages"}],"about":[{"href":"https:\/\/buendtihus.com\/index.php?rest_route=\/wp\/v2\/types\/page"}],"author":[{"embeddable":true,"href":"https:\/\/buendtihus.com\/index.php?rest_route=\/wp\/v2\/users\/1"}],"replies":[{"embeddable":true,"href":"https:\/\/buendtihus.com\/index.php?rest_route=%2Fwp%2Fv2%2Fcomments&post=5"}],"version-history":[{"count":28,"href":"https:\/\/buendtihus.com\/index.php?rest_route=\/wp\/v2\/pages\/5\/revisions"}],"predecessor-version":[{"id":199,"href":"https:\/\/buendtihus.com\/index.php?rest_route=\/wp\/v2\/pages\/5\/revisions\/199"}],"wp:featuredmedia":[{"embeddable":true,"href":"https:\/\/buendtihus.com\/index.php?rest_route=\/wp\/v2\/media\/108"}],"wp:attachment":[{"href":"https:\/\/buendtihus.com\/index.php?rest_route=%2Fwp%2Fv2%2Fmedia&parent=5"}],"curies":[{"name":"wp","href":"https:\/\/api.w.org\/{rel}","templated":true}]}}